{"id":56795,"date":"2023-09-14T12:29:01","date_gmt":"2023-09-14T15:29:01","guid":{"rendered":"https:\/\/9bits.com.ar\/v31\/producto\/calculadora-exaktus-ex-82es-plus-rosa\/"},"modified":"2026-04-27T12:57:06","modified_gmt":"2026-04-27T15:57:06","slug":"calculadora-exaktus-ex-82es-plus-rosa","status":"publish","type":"product","link":"https:\/\/9bits.com.ar\/v31\/producto\/calculadora-exaktus-ex-82es-plus-rosa\/","title":{"rendered":"CALCULADORA EXAKTUS CIENTIFICA EX-82ES PLUS ROSA"},"content":{"rendered":"<div class=\"group-datos field-group-div\">\n<div class=\"commerce-product-field commerce-product-field-field-brand field-field-brand node-1872-product-field-brand\">\n<div class=\"field field-name-field-brand field-type-list-text field-label-inline clearfix\">\n<div class=\"field-label\">Marca:<\/div>\n<div class=\"field-items\">\n<div class=\"field-item even\">EXAKTUS<\/div>\n<\/div>\n<\/div>\n<\/div>\n<div class=\"commerce-product-field commerce-product-field-field-funciones-b-sicas field-field-funciones-b-sicas node-1872-product-field-funciones-b-sicas\">\n<div class=\"field field-name-field-funciones-b-sicas field-type-text field-label-inline clearfix\">\n<div class=\"field-label\">Funciones B\u00e1sicas:<\/div>\n<div class=\"field-items\">\n<div class=\"field-item even\">Trigonometr\u00eda \/ Exponencial, logar\u00edtmica \/ Fracciones \/ Factorizaci\u00f3n en factores primos.<\/div>\n<\/div>\n<\/div>\n<\/div>\n<div class=\"commerce-product-field commerce-product-field-field-c-lculos-especiales field-field-c-lculos-especiales node-1872-product-field-c-lculos-especiales commerce-product-field-empty\"><\/div>\n<div class=\"commerce-product-field commerce-product-field-field--lgebra field-field--lgebra node-1872-product-field--lgebra\">\n<div class=\"field field-name-field--lgebra field-type-text field-label-inline clearfix\">\n<div class=\"field-label\">\u00c1lgebra:<\/div>\n<div class=\"field-items\">\n<div class=\"field-item even\">Funci\u00f3n tabla<\/div>\n<\/div>\n<\/div>\n<\/div>\n<div class=\"commerce-product-field commerce-product-field-field-estad-sticas field-field-estad-sticas node-1872-product-field-estad-sticas\">\n<div class=\"field field-name-field-estad-sticas field-type-text field-label-inline clearfix\">\n<div class=\"field-label\">Estad\u00edsticas:<\/div>\n<div class=\"field-items\">\n<div class=\"field-item even\">N\u00fameros aleatorios \/ Enteros aleatorios \/ Desviaci\u00f3n Est\u00e1ndar \/ An\u00e1lisis de regresi\u00f3n \/ Regresi\u00f3n lineal y exponencial.<\/div>\n<\/div>\n<\/div>\n<\/div>\n<div class=\"commerce-product-field commerce-product-field-field-geometr-a field-field-geometr-a node-1872-product-field-geometr-a\">\n<div class=\"field field-name-field-geometr-a field-type-text field-label-inline clearfix\">\n<div class=\"field-label\">Geometr\u00eda:<\/div>\n<div class=\"field-items\">\n<div class=\"field-item even\">Conversi\u00f3n de coordenadas (Pol,Rec).<\/div>\n<\/div>\n<\/div>\n<\/div>\n<div class=\"commerce-product-field commerce-product-field-field-probabilidad field-field-probabilidad node-1872-product-field-probabilidad\">\n<div class=\"field field-name-field-probabilidad field-type-text field-label-inline clearfix\">\n<div class=\"field-label\">Probabilidad:<\/div>\n<div class=\"field-items\">\n<div class=\"field-item even\">Combinaci\u00f3n y permutaci\u00f3n.<\/div>\n<\/div>\n<\/div>\n<\/div>\n<div class=\"commerce-product-field commerce-product-field-field-funciones field-field-funciones node-1872-product-field-funciones\">\n<div class=\"field field-name-field-funciones field-type-text field-label-inline clearfix\">\n<div class=\"field-label\">Cantidad de Funciones:<\/div>\n<div class=\"field-items\">\n<div class=\"field-item even\">417<\/div>\n<\/div>\n<\/div>\n<\/div>\n<div class=\"commerce-product-field commerce-product-field-field-dimensiones-en-mm-al-x-an- field-field-dimensiones-en-mm-al-x-an- node-1872-product-field-dimensiones-en-mm-al-x-an-\">\n<div class=\"field field-name-field-dimensiones-en-mm-al-x-an- field-type-text field-label-inline clearfix\">\n<div class=\"field-label\">Dimensiones en mm (Al x An x Pr):<\/div>\n<div class=\"field-items\">\n<div class=\"field-item even\">13.5x8x16cm<\/div>\n<\/div>\n<\/div>\n<\/div>\n<div class=\"commerce-product-field commerce-product-field-field-funciones-especiales field-field-funciones-especiales node-1872-product-field-funciones-especiales\">\n<div class=\"field field-name-field-funciones-especiales field-type-text field-label-inline clearfix\">\n<div class=\"field-label\">Funciones Especiales:<\/div>\n<div class=\"field-items\">\n<div class=\"field-item even\">Ecuaci\u00f3n\/Fracci\u00f3n<\/div>\n<\/div>\n<\/div>\n<\/div>\n<div class=\"commerce-product-field commerce-product-field-field-otros field-field-otros node-1872-product-field-otros\">\n<div class=\"field field-name-field-otros field-type-text-long field-label-inline clearfix\">\n<div class=\"field-label\">Otros:<\/div>\n<div class=\"field-items\">\n<div class=\"field-item even\">Tapa y teclas pl\u00e1sticas para mejor manejo del equipo<\/div>\n<\/div>\n<\/div>\n<\/div>\n<\/div>\n","protected":false},"excerpt":{"rendered":"<p>Marca: EXAKTUS Funciones B\u00e1sicas: Trigonometr\u00eda \/ Exponencial, logar\u00edtmica \/ Fracciones \/ Factorizaci\u00f3n en factores primos. \u00c1lgebra: Funci\u00f3n tabla Estad\u00edsticas: N\u00fameros&hellip;<\/p>\n","protected":false},"featured_media":56821,"comment_status":"open","ping_status":"closed","template":"","meta":{"advanced_seo_description":"","jetpack_seo_html_title":"","jetpack_seo_noindex":false},"product_brand":[],"product_cat":[73],"product_tag":[],"class_list":{"0":"post-56795","1":"product","2":"type-product","3":"status-publish","4":"has-post-thumbnail","6":"product_cat-electrodomesticos","8":"first","9":"instock","10":"shipping-taxable","11":"purchasable","12":"product-type-simple","13":"add-to-wishlist-before_image"},"jetpack_likes_enabled":false,"jetpack_sharing_enabled":true,"_links":{"self":[{"href":"https:\/\/9bits.com.ar\/v31\/wp-json\/wp\/v2\/product\/56795","targetHints":{"allow":["GET"]}}],"collection":[{"href":"https:\/\/9bits.com.ar\/v31\/wp-json\/wp\/v2\/product"}],"about":[{"href":"https:\/\/9bits.com.ar\/v31\/wp-json\/wp\/v2\/types\/product"}],"replies":[{"embeddable":true,"href":"https:\/\/9bits.com.ar\/v31\/wp-json\/wp\/v2\/comments?post=56795"}],"wp:featuredmedia":[{"embeddable":true,"href":"https:\/\/9bits.com.ar\/v31\/wp-json\/wp\/v2\/media\/56821"}],"wp:attachment":[{"href":"https:\/\/9bits.com.ar\/v31\/wp-json\/wp\/v2\/media?parent=56795"}],"wp:term":[{"taxonomy":"product_brand","embeddable":true,"href":"https:\/\/9bits.com.ar\/v31\/wp-json\/wp\/v2\/product_brand?post=56795"},{"taxonomy":"product_cat","embeddable":true,"href":"https:\/\/9bits.com.ar\/v31\/wp-json\/wp\/v2\/product_cat?post=56795"},{"taxonomy":"product_tag","embeddable":true,"href":"https:\/\/9bits.com.ar\/v31\/wp-json\/wp\/v2\/product_tag?post=56795"}],"curies":[{"name":"wp","href":"https:\/\/api.w.org\/{rel}","templated":true}]}}