{"id":56793,"date":"2023-09-14T12:28:31","date_gmt":"2023-09-14T15:28:31","guid":{"rendered":"https:\/\/9bits.com.ar\/v31\/producto\/calculadora-exaktus-ex-820\/"},"modified":"2026-04-27T12:56:34","modified_gmt":"2026-04-27T15:56:34","slug":"calculadora-exaktus-ex-820","status":"publish","type":"product","link":"https:\/\/9bits.com.ar\/v31\/producto\/calculadora-exaktus-ex-820\/","title":{"rendered":"CALCULADORA EXAKTUS EX-820"},"content":{"rendered":"<div class=\"commerce-product-field commerce-product-field-field-brand field-field-brand node-1888-product-field-brand\">\n<div class=\"field field-name-field-brand field-type-list-text field-label-inline clearfix\">\n<div class=\"field-label\">Marca:<\/div>\n<div class=\"field-items\">\n<div class=\"field-item even\">EXAKTUS<\/div>\n<\/div>\n<\/div>\n<\/div>\n<div class=\"commerce-product-field commerce-product-field-field-alimentaci-n field-field-alimentaci-n node-1888-product-field-alimentaci-n\">\n<div class=\"field field-name-field-alimentaci-n field-type-text field-label-inline clearfix\">\n<div class=\"field-label\">Alimentaci\u00f3n:<\/div>\n<div class=\"field-items\">\n<div class=\"field-item even\">Bateria LR1130<\/div>\n<\/div>\n<\/div>\n<\/div>\n<div class=\"commerce-product-field commerce-product-field-field-digitos field-field-digitos node-1888-product-field-digitos\">\n<div class=\"field field-name-field-digitos field-type-text field-label-inline clearfix\">\n<div class=\"field-label\">Digitos:<\/div>\n<div class=\"field-items\">\n<div class=\"field-item even\">8<\/div>\n<\/div>\n<\/div>\n<\/div>\n<div class=\"commerce-product-field commerce-product-field-field-cambio-de-signo field-field-cambio-de-signo node-1888-product-field-cambio-de-signo\">\n<div class=\"field field-name-field-cambio-de-signo field-type-text field-label-inline clearfix\">\n<div class=\"field-label\">Cambio de Signo (+\/-):<\/div>\n<div class=\"field-items\">\n<div class=\"field-item even\">No<\/div>\n<\/div>\n<\/div>\n<\/div>\n<div class=\"commerce-product-field commerce-product-field-field-tecla-borrar field-field-tecla-borrar node-1888-product-field-tecla-borrar\">\n<div class=\"field field-name-field-tecla-borrar field-type-text field-label-inline clearfix\">\n<div class=\"field-label\">Tecla Borrar:<\/div>\n<div class=\"field-items\">\n<div class=\"field-item even\">No<\/div>\n<\/div>\n<\/div>\n<\/div>\n<div class=\"commerce-product-field commerce-product-field-field-c-lculo-de-impuestos field-field-c-lculo-de-impuestos node-1888-product-field-c-lculo-de-impuestos\">\n<div class=\"field field-name-field-c-lculo-de-impuestos field-type-text field-label-inline clearfix\">\n<div class=\"field-label\">C\u00e1lculo de Impuestos:<\/div>\n<div class=\"field-items\">\n<div class=\"field-item even\">S\u00ed<\/div>\n<\/div>\n<\/div>\n<\/div>\n<div class=\"commerce-product-field commerce-product-field-field-raiz-cuadrada field-field-raiz-cuadrada node-1888-product-field-raiz-cuadrada\">\n<div class=\"field field-name-field-raiz-cuadrada field-type-text field-label-inline clearfix\">\n<div class=\"field-label\">Raiz Cuadrada:<\/div>\n<div class=\"field-items\">\n<div class=\"field-item even\">S\u00ed<\/div>\n<\/div>\n<\/div>\n<\/div>\n<div class=\"commerce-product-field commerce-product-field-field-porcentaje- field-field-porcentaje- node-1888-product-field-porcentaje-\">\n<div class=\"field field-name-field-porcentaje- field-type-text field-label-inline clearfix\">\n<div class=\"field-label\">Porcentaje (%):<\/div>\n<div class=\"field-items\">\n<div class=\"field-item even\">S\u00ed<\/div>\n<\/div>\n<\/div>\n<\/div>\n<div class=\"commerce-product-field commerce-product-field-field-dimensiones-en-mm-al-x-an- field-field-dimensiones-en-mm-al-x-an- node-1888-product-field-dimensiones-en-mm-al-x-an-\">\n<div class=\"field field-name-field-dimensiones-en-mm-al-x-an- field-type-text field-label-inline clearfix\">\n<div class=\"field-label\">Dimensiones en mm (Al x An x Pr):<\/div>\n<div class=\"field-items\">\n<div class=\"field-item even\">95x55x5<\/div>\n<\/div>\n<\/div>\n<\/div>\n<div class=\"commerce-product-field commerce-product-field-field-memoria-interna field-field-memoria-interna node-1888-product-field-memoria-interna\">\n<div class=\"field field-name-field-memoria-interna field-type-text field-label-inline clearfix\">\n<div class=\"field-label\">Mem. Independiente:<\/div>\n<div class=\"field-items\">\n<div class=\"field-item even\">No<\/div>\n<\/div>\n<\/div>\n<\/div>\n<div class=\"commerce-product-field commerce-product-field-field-otros field-field-otros node-1888-product-field-otros\">\n<div class=\"field field-name-field-otros field-type-text-long field-label-inline clearfix\">\n<div class=\"field-label\">Otros:<\/div>\n<div class=\"field-items\">\n<div class=\"field-item even\">Calculadora de bolsillo color plata con vidro grande de 8 d\u00edgitos &#8211; Alimentaci\u00f3n 1 bater\u00eda LR1130<\/div>\n<\/div>\n<\/div>\n<\/div>\n","protected":false},"excerpt":{"rendered":"<p>Marca: EXAKTUS Alimentaci\u00f3n: Bateria LR1130 Digitos: 8 Cambio de Signo (+\/-): No Tecla Borrar: No C\u00e1lculo de Impuestos: S\u00ed Raiz&hellip;<\/p>\n","protected":false},"featured_media":56817,"comment_status":"open","ping_status":"closed","template":"","meta":{"advanced_seo_description":"","jetpack_seo_html_title":"","jetpack_seo_noindex":false},"product_brand":[],"product_cat":[73],"product_tag":[],"class_list":{"0":"post-56793","1":"product","2":"type-product","3":"status-publish","4":"has-post-thumbnail","6":"product_cat-electrodomesticos","8":"first","9":"instock","10":"shipping-taxable","11":"purchasable","12":"product-type-simple","13":"add-to-wishlist-before_image"},"jetpack_likes_enabled":false,"jetpack_sharing_enabled":true,"_links":{"self":[{"href":"https:\/\/9bits.com.ar\/v31\/wp-json\/wp\/v2\/product\/56793","targetHints":{"allow":["GET"]}}],"collection":[{"href":"https:\/\/9bits.com.ar\/v31\/wp-json\/wp\/v2\/product"}],"about":[{"href":"https:\/\/9bits.com.ar\/v31\/wp-json\/wp\/v2\/types\/product"}],"replies":[{"embeddable":true,"href":"https:\/\/9bits.com.ar\/v31\/wp-json\/wp\/v2\/comments?post=56793"}],"wp:featuredmedia":[{"embeddable":true,"href":"https:\/\/9bits.com.ar\/v31\/wp-json\/wp\/v2\/media\/56817"}],"wp:attachment":[{"href":"https:\/\/9bits.com.ar\/v31\/wp-json\/wp\/v2\/media?parent=56793"}],"wp:term":[{"taxonomy":"product_brand","embeddable":true,"href":"https:\/\/9bits.com.ar\/v31\/wp-json\/wp\/v2\/product_brand?post=56793"},{"taxonomy":"product_cat","embeddable":true,"href":"https:\/\/9bits.com.ar\/v31\/wp-json\/wp\/v2\/product_cat?post=56793"},{"taxonomy":"product_tag","embeddable":true,"href":"https:\/\/9bits.com.ar\/v31\/wp-json\/wp\/v2\/product_tag?post=56793"}],"curies":[{"name":"wp","href":"https:\/\/api.w.org\/{rel}","templated":true}]}}