{"id":56290,"date":"2023-07-25T17:27:37","date_gmt":"2023-07-25T20:27:37","guid":{"rendered":"https:\/\/9bits.com.ar\/v31\/producto\/smart-watch-kieslect-lady-lora-purple-calling\/"},"modified":"2026-04-16T13:00:59","modified_gmt":"2026-04-16T16:00:59","slug":"smart-watch-kieslect-lady-lora-purple-calling","status":"publish","type":"product","link":"https:\/\/9bits.com.ar\/v31\/producto\/smart-watch-kieslect-lady-lora-purple-calling\/","title":{"rendered":"SMART WATCH KIESLECT LADY LORA PURPLE CALLING"},"content":{"rendered":"<div id=\"\" class=\"campo_prop\">\n<p><label class=\"\">Link:<\/label><\/p>\n<div id=\"link_marca\" class=\"js\"><a href=\"https:\/\/store.kieslect.com\/es\/products\/kieslect-lady-calling-watch-lora?_pos=1\" target=\"_BLANK\" rel=\"noopener\">https:\/\/store.kieslect.com\/es\/products\/kieslect-lady-calling-watch-lora?_pos=1<\/a><\/div>\n<\/div>\n<div id=\"\" class=\"campo_prop ha\">\n<p><label class=\"\">Descripci\u00f3n:<\/label><\/p>\n<div id=\"description\" class=\"ha js\">Una correa de cuero rosa<br \/>\nMagn\u00edfica pantalla de burbuja esf\u00e9rica de vista completa en 3D<br \/>\nLlamadas BT estables, chip de llamadas global 2 en 1<br \/>\nReproductor de m\u00fasica en la mu\u00f1eca<br \/>\nVista completa en 3D<br \/>\nPantalla colorida<br \/>\nLora cuenta con una impresionante pantalla esf\u00e9rica 3D de vista completa<\/div>\n<\/div>\n","protected":false},"excerpt":{"rendered":"<p>Link: https:\/\/store.kieslect.com\/es\/products\/kieslect-lady-calling-watch-lora?_pos=1 Descripci\u00f3n: Una correa de cuero rosa Magn\u00edfica pantalla de burbuja esf\u00e9rica de vista completa en 3D Llamadas BT&hellip;<\/p>\n","protected":false},"featured_media":56319,"comment_status":"open","ping_status":"closed","template":"","meta":{"advanced_seo_description":"","jetpack_seo_html_title":"","jetpack_seo_noindex":false},"product_brand":[],"product_cat":[91],"product_tag":[773],"class_list":{"0":"post-56290","1":"product","2":"type-product","3":"status-publish","4":"has-post-thumbnail","6":"product_cat-smartwatch","7":"product_tag-smartwatch","9":"first","10":"instock","11":"shipping-taxable","12":"purchasable","13":"product-type-simple","14":"add-to-wishlist-before_image"},"jetpack_likes_enabled":false,"jetpack_sharing_enabled":true,"_links":{"self":[{"href":"https:\/\/9bits.com.ar\/v31\/wp-json\/wp\/v2\/product\/56290","targetHints":{"allow":["GET"]}}],"collection":[{"href":"https:\/\/9bits.com.ar\/v31\/wp-json\/wp\/v2\/product"}],"about":[{"href":"https:\/\/9bits.com.ar\/v31\/wp-json\/wp\/v2\/types\/product"}],"replies":[{"embeddable":true,"href":"https:\/\/9bits.com.ar\/v31\/wp-json\/wp\/v2\/comments?post=56290"}],"wp:featuredmedia":[{"embeddable":true,"href":"https:\/\/9bits.com.ar\/v31\/wp-json\/wp\/v2\/media\/56319"}],"wp:attachment":[{"href":"https:\/\/9bits.com.ar\/v31\/wp-json\/wp\/v2\/media?parent=56290"}],"wp:term":[{"taxonomy":"product_brand","embeddable":true,"href":"https:\/\/9bits.com.ar\/v31\/wp-json\/wp\/v2\/product_brand?post=56290"},{"taxonomy":"product_cat","embeddable":true,"href":"https:\/\/9bits.com.ar\/v31\/wp-json\/wp\/v2\/product_cat?post=56290"},{"taxonomy":"product_tag","embeddable":true,"href":"https:\/\/9bits.com.ar\/v31\/wp-json\/wp\/v2\/product_tag?post=56290"}],"curies":[{"name":"wp","href":"https:\/\/api.w.org\/{rel}","templated":true}]}}