{"id":56002,"date":"2023-06-12T19:13:46","date_gmt":"2023-06-12T22:13:46","guid":{"rendered":"https:\/\/9bits.com.ar\/v31\/producto\/pava-atma-pe0821nap-negro-s-corte\/"},"modified":"2026-04-27T12:58:13","modified_gmt":"2026-04-27T15:58:13","slug":"pava-atma-pe0821nap-negro-s-corte","status":"publish","type":"product","link":"https:\/\/9bits.com.ar\/v31\/producto\/pava-atma-pe0821nap-negro-s-corte\/","title":{"rendered":"PAVA PHILCO PE0821NAP NEGRO S\/CORTE"},"content":{"rendered":"<div class=\"group-datos field-group-div\">\n<div class=\"commerce-product-field commerce-product-field-field-brand field-field-brand node-23378-product-field-brand\">\n<div class=\"field field-name-field-brand field-type-list-text field-label-inline clearfix\">\n<div class=\"field-label\">Marca:<\/div>\n<div class=\"field-items\">\n<div class=\"field-item even\">PHILCO<\/div>\n<\/div>\n<\/div>\n<\/div>\n<div class=\"commerce-product-field commerce-product-field-field-material field-field-material node-23378-product-field-material\">\n<div class=\"field field-name-field-material field-type-text field-label-inline clearfix\">\n<div class=\"field-label\">Material Jarra:<\/div>\n<div class=\"field-items\">\n<div class=\"field-item even\">Pl\u00e1stico<\/div>\n<\/div>\n<\/div>\n<\/div>\n<div class=\"commerce-product-field commerce-product-field-field-apagado-autom-tico field-field-apagado-autom-tico node-23378-product-field-apagado-autom-tico\">\n<div class=\"field field-name-field-apagado-autom-tico field-type-text field-label-inline clearfix\">\n<div class=\"field-label\">Apagado Autom\u00e1tico:<\/div>\n<div class=\"field-items\">\n<div class=\"field-item even\">S\u00ed<\/div>\n<\/div>\n<\/div>\n<\/div>\n<div class=\"commerce-product-field commerce-product-field-field-funci-n-mate field-field-funci-n-mate node-23378-product-field-funci-n-mate commerce-product-field-empty\"><\/div>\n<div class=\"commerce-product-field commerce-product-field-field-niveles-de-temperatura field-field-niveles-de-temperatura node-23378-product-field-niveles-de-temperatura commerce-product-field-empty\"><\/div>\n<div class=\"commerce-product-field commerce-product-field-field-tanque-de-agua-transparent field-field-tanque-de-agua-transparent node-23378-product-field-tanque-de-agua-transparent\">\n<div class=\"field field-name-field-tanque-de-agua-transparent field-type-text field-label-inline clearfix\">\n<div class=\"field-label\">Tanque de Agua Transparente:<\/div>\n<div class=\"field-items\">\n<div class=\"field-item even\">S\u00ed<\/div>\n<\/div>\n<\/div>\n<\/div>\n<div class=\"commerce-product-field commerce-product-field-field-posici-n-360- field-field-posici-n-360- node-23378-product-field-posici-n-360-\">\n<div class=\"field field-name-field-posici-n-360- field-type-text field-label-inline clearfix\">\n<div class=\"field-label\">Posici\u00f3n 360\u00ba:<\/div>\n<div class=\"field-items\">\n<div class=\"field-item even\">S\u00ed<\/div>\n<\/div>\n<\/div>\n<\/div>\n<div class=\"commerce-product-field commerce-product-field-field-indicador-digital field-field-indicador-digital node-23378-product-field-indicador-digital commerce-product-field-empty\"><\/div>\n<div class=\"commerce-product-field commerce-product-field-field-enrolla-cable field-field-enrolla-cable node-23378-product-field-enrolla-cable commerce-product-field-empty\"><\/div>\n<div class=\"commerce-product-field commerce-product-field-field-capacidad-texto field-field-capacidad-texto node-23378-product-field-capacidad-texto\">\n<div class=\"field field-name-field-capacidad-texto field-type-text field-label-inline clearfix\">\n<div class=\"field-label\">Capacidad:<\/div>\n<div class=\"field-items\">\n<div class=\"field-item even\">1.7 litros<\/div>\n<\/div>\n<\/div>\n<\/div>\n<div class=\"commerce-product-field commerce-product-field-field-color-lista field-field-color-lista node-23378-product-field-color-lista\">\n<div class=\"field field-name-field-color-lista field-type-list-text field-label-inline clearfix\">\n<div class=\"field-label\">Color:<\/div>\n<div class=\"field-items\">\n<div class=\"field-item even\">Negro<\/div>\n<\/div>\n<\/div>\n<\/div>\n<\/div>\n<div class=\"commerce-product-field commerce-product-field-field-video field-field-video node-23378-product-field-video commerce-product-field-empty\"><\/div>\n","protected":false},"excerpt":{"rendered":"<p>Marca: PHILCO Material Jarra: Pl\u00e1stico Apagado Autom\u00e1tico: S\u00ed Tanque de Agua Transparente: S\u00ed Posici\u00f3n 360\u00ba: S\u00ed Capacidad: 1.7 litros Color:&hellip;<\/p>\n","protected":false},"featured_media":56050,"comment_status":"open","ping_status":"closed","template":"","meta":{"advanced_seo_description":"","jetpack_seo_html_title":"","jetpack_seo_noindex":false},"product_brand":[],"product_cat":[73,807],"product_tag":[],"class_list":{"0":"post-56002","1":"product","2":"type-product","3":"status-publish","4":"has-post-thumbnail","6":"product_cat-electrodomesticos","7":"product_cat-pava-electrica","9":"first","10":"instock","11":"shipping-taxable","12":"purchasable","13":"product-type-simple","14":"add-to-wishlist-before_image"},"jetpack_likes_enabled":false,"jetpack_sharing_enabled":true,"_links":{"self":[{"href":"https:\/\/9bits.com.ar\/v31\/wp-json\/wp\/v2\/product\/56002","targetHints":{"allow":["GET"]}}],"collection":[{"href":"https:\/\/9bits.com.ar\/v31\/wp-json\/wp\/v2\/product"}],"about":[{"href":"https:\/\/9bits.com.ar\/v31\/wp-json\/wp\/v2\/types\/product"}],"replies":[{"embeddable":true,"href":"https:\/\/9bits.com.ar\/v31\/wp-json\/wp\/v2\/comments?post=56002"}],"wp:featuredmedia":[{"embeddable":true,"href":"https:\/\/9bits.com.ar\/v31\/wp-json\/wp\/v2\/media\/56050"}],"wp:attachment":[{"href":"https:\/\/9bits.com.ar\/v31\/wp-json\/wp\/v2\/media?parent=56002"}],"wp:term":[{"taxonomy":"product_brand","embeddable":true,"href":"https:\/\/9bits.com.ar\/v31\/wp-json\/wp\/v2\/product_brand?post=56002"},{"taxonomy":"product_cat","embeddable":true,"href":"https:\/\/9bits.com.ar\/v31\/wp-json\/wp\/v2\/product_cat?post=56002"},{"taxonomy":"product_tag","embeddable":true,"href":"https:\/\/9bits.com.ar\/v31\/wp-json\/wp\/v2\/product_tag?post=56002"}],"curies":[{"name":"wp","href":"https:\/\/api.w.org\/{rel}","templated":true}]}}