{"id":45853,"date":"2022-10-21T12:42:48","date_gmt":"2022-10-21T15:42:48","guid":{"rendered":"https:\/\/9bits.com.ar\/v31\/producto\/auricular-maxell-kz-13-turquesa\/"},"modified":"2026-04-16T13:05:19","modified_gmt":"2026-04-16T16:05:19","slug":"auricular-maxell-kz-13-turquesa","status":"publish","type":"product","link":"https:\/\/9bits.com.ar\/v31\/producto\/auricular-maxell-kz-13-turquesa\/","title":{"rendered":"AURICULAR MAXELL KZ-13 TURQUESA"},"content":{"rendered":"<div class=\"group-datos field-group-div\">\n<div class=\"commerce-product-field commerce-product-field-field-brand field-field-brand node-1678-product-field-brand\">\n<div class=\"field field-name-field-brand field-type-list-text field-label-inline clearfix\">\n<div class=\"field-label\">Marca:<\/div>\n<div class=\"field-items\">\n<div class=\"field-item even\">MAXELL<\/div>\n<\/div>\n<\/div>\n<\/div>\n<div class=\"commerce-product-field commerce-product-field-field-color field-field-color node-1678-product-field-color\">\n<div class=\"field field-name-field-color field-type-text field-label-inline clearfix\">\n<div class=\"field-label\">Color:<\/div>\n<div class=\"field-items\">\n<div class=\"field-item even\">Violeta\/Rosa<\/div>\n<\/div>\n<\/div>\n<\/div>\n<div class=\"commerce-product-field commerce-product-field-field-cable-y-modulo field-field-cable-y-modulo node-1678-product-field-cable-y-modulo\">\n<div class=\"field field-name-field-cable-y-modulo field-type-text field-label-inline clearfix\">\n<div class=\"field-label\">Cable:<\/div>\n<div class=\"field-items\">\n<div class=\"field-item even\">1.2 metros<\/div>\n<\/div>\n<\/div>\n<\/div>\n<div class=\"commerce-product-field commerce-product-field-field-micr-fono field-field-micr-fono node-1678-product-field-micr-fono\">\n<div class=\"field field-name-field-micr-fono field-type-text field-label-inline clearfix\">\n<div class=\"field-label\">Micr\u00f3fono:<\/div>\n<div class=\"field-items\">\n<div class=\"field-item even\">En l\u00ednea<\/div>\n<\/div>\n<\/div>\n<\/div>\n<div class=\"commerce-product-field commerce-product-field-field-bot-n-para-encender field-field-bot-n-para-encender node-1678-product-field-bot-n-para-encender\">\n<div class=\"field field-name-field-bot-n-para-encender field-type-text field-label-inline clearfix\">\n<div class=\"field-label\">Bot\u00f3n para Encender:<\/div>\n<div class=\"field-items\">\n<div class=\"field-item even\">S\u00ed<\/div>\n<\/div>\n<\/div>\n<\/div>\n<div class=\"commerce-product-field commerce-product-field-field-drivers field-field-drivers node-1678-product-field-drivers\">\n<div class=\"field field-name-field-drivers field-type-text field-label-inline clearfix\">\n<div class=\"field-label\">Drivers:<\/div>\n<div class=\"field-items\">\n<div class=\"field-item even\">30mm<\/div>\n<\/div>\n<\/div>\n<\/div>\n<div class=\"commerce-product-field commerce-product-field-field-aislante field-field-aislante node-1678-product-field-aislante\">\n<div class=\"field field-name-field-aislante field-type-text field-label-inline clearfix\">\n<div class=\"field-label\">Aislamiento de Ruido:<\/div>\n<div class=\"field-items\">\n<div class=\"field-item even\"><\/div>\n<\/div>\n<\/div>\n<\/div>\n<div class=\"commerce-product-field commerce-product-field-field-formato field-field-formato node-1678-product-field-formato\">\n<div class=\"field field-name-field-formato field-type-text field-label-inline clearfix\">\n<div class=\"field-label\">Formato:<\/div>\n<div class=\"field-items\">\n<div class=\"field-item even\">Vincha<\/div>\n<\/div>\n<\/div>\n<\/div>\n<div class=\"commerce-product-field commerce-product-field-field-bluetooth field-field-bluetooth node-1678-product-field-bluetooth\">\n<div class=\"field field-name-field-bluetooth field-type-text field-label-inline clearfix\">\n<div class=\"field-label\">Bluetooth:<\/div>\n<div class=\"field-items\">\n<div class=\"field-item even\"><\/div>\n<\/div>\n<\/div>\n<\/div>\n<div class=\"commerce-product-field commerce-product-field-field-conectividad field-field-conectividad node-1678-product-field-conectividad\">\n<div class=\"field field-name-field-conectividad field-type-text field-label-inline clearfix\">\n<div class=\"field-label\">Conectividad:<\/div>\n<div class=\"field-items\">\n<div class=\"field-item even\">3.5mm<\/div>\n<\/div>\n<\/div>\n<\/div>\n<div class=\"commerce-product-field commerce-product-field-field-otros field-field-otros node-1678-product-field-otros\">\n<div class=\"field field-name-field-otros field-type-text-long field-label-inline clearfix\">\n<div class=\"field-label\">Otros:<\/div>\n<div class=\"field-items\">\n<div class=\"field-item even\">Sensibilidad 103dB &#8211; Frecuencia de respuesta de 20Hz a 20kHz &#8211; Impedancia 32 Ohms<\/div>\n<\/div>\n<\/div>\n<\/div>\n<\/div>\n<div class=\"commerce-product-field commerce-product-field-field-video field-field-video node-1678-product-field-video\">\n<div class=\"field field-name-field-video field-type-video-embed-field field-label-hidden\">\n<div class=\"field-items\">\n<div class=\"field-item even\">\n<div class=\"embedded-video\">\n<div class=\"player\"><iframe loading=\"lazy\" class=\"\" src=\"https:\/\/www.youtube.com\/embed\/xnwEIyEoNEs?width%3D640%26amp%3Bheight%3D360%26amp%3Bautoplay%3D0%26amp%3Bvq%3Dlarge%26amp%3Brel%3D0%26amp%3Bcontrols%3D1%26amp%3Bautohide%3D2%26amp%3Bshowinfo%3D1%26amp%3Bmodestbranding%3D0%26amp%3Btheme%3Ddark%26amp%3Biv_load_policy%3D1%26amp%3Bwmode%3Dopaque\" width=\"640\" height=\"360\" frameborder=\"0\" allowfullscreen=\"allowfullscreen\" data-mce-fragment=\"1\"><\/iframe><\/div>\n<\/div>\n<\/div>\n<\/div>\n<\/div>\n<\/div>\n","protected":false},"excerpt":{"rendered":"<p>Marca: MAXELL Color: Violeta\/Rosa Cable: 1.2 metros Micr\u00f3fono: En l\u00ednea Bot\u00f3n para Encender: S\u00ed Drivers: 30mm Aislamiento de Ruido: Formato:&hellip;<\/p>\n","protected":false},"featured_media":45888,"comment_status":"open","ping_status":"closed","template":"","meta":{"advanced_seo_description":"","jetpack_seo_html_title":"","jetpack_seo_noindex":false},"product_brand":[],"product_cat":[38],"product_tag":[],"class_list":{"0":"post-45853","1":"product","2":"type-product","3":"status-publish","4":"has-post-thumbnail","6":"product_cat-auriculares-y-microfonos","8":"first","9":"instock","10":"shipping-taxable","11":"purchasable","12":"product-type-simple","13":"add-to-wishlist-before_image"},"jetpack_likes_enabled":false,"jetpack_sharing_enabled":true,"_links":{"self":[{"href":"https:\/\/9bits.com.ar\/v31\/wp-json\/wp\/v2\/product\/45853","targetHints":{"allow":["GET"]}}],"collection":[{"href":"https:\/\/9bits.com.ar\/v31\/wp-json\/wp\/v2\/product"}],"about":[{"href":"https:\/\/9bits.com.ar\/v31\/wp-json\/wp\/v2\/types\/product"}],"replies":[{"embeddable":true,"href":"https:\/\/9bits.com.ar\/v31\/wp-json\/wp\/v2\/comments?post=45853"}],"wp:featuredmedia":[{"embeddable":true,"href":"https:\/\/9bits.com.ar\/v31\/wp-json\/wp\/v2\/media\/45888"}],"wp:attachment":[{"href":"https:\/\/9bits.com.ar\/v31\/wp-json\/wp\/v2\/media?parent=45853"}],"wp:term":[{"taxonomy":"product_brand","embeddable":true,"href":"https:\/\/9bits.com.ar\/v31\/wp-json\/wp\/v2\/product_brand?post=45853"},{"taxonomy":"product_cat","embeddable":true,"href":"https:\/\/9bits.com.ar\/v31\/wp-json\/wp\/v2\/product_cat?post=45853"},{"taxonomy":"product_tag","embeddable":true,"href":"https:\/\/9bits.com.ar\/v31\/wp-json\/wp\/v2\/product_tag?post=45853"}],"curies":[{"name":"wp","href":"https:\/\/api.w.org\/{rel}","templated":true}]}}