{"id":44056,"date":"2022-08-26T19:37:50","date_gmt":"2022-08-26T22:37:50","guid":{"rendered":"https:\/\/9bits.com.ar\/v31\/producto\/parlante-aiwa-aw-p1200d-sa-6000w\/"},"modified":"2026-04-16T13:03:55","modified_gmt":"2026-04-16T16:03:55","slug":"parlante-aiwa-aw-p1200d-sa-6000w","status":"publish","type":"product","link":"https:\/\/9bits.com.ar\/v31\/producto\/parlante-aiwa-aw-p1200d-sa-6000w\/","title":{"rendered":"PARLANTE AIWA AW-P1200D-SA 6000W"},"content":{"rendered":"<div class=\"group-datos field-group-div\">\n<div class=\"commerce-product-field commerce-product-field-field-brand field-field-brand node-19950-product-field-brand\">\n<div class=\"field field-name-field-brand field-type-list-text field-label-inline clearfix\">\n<div class=\"field-label\">Marca:<\/div>\n<div class=\"field-items\">\n<div class=\"field-item even\">AIWA<\/div>\n<\/div>\n<\/div>\n<\/div>\n<div class=\"commerce-product-field commerce-product-field-field-peso-neto field-field-peso-neto node-19950-product-field-peso-neto\">\n<div class=\"field field-name-field-peso-neto field-type-text field-label-inline clearfix\">\n<div class=\"field-label\">Peso:<\/div>\n<div class=\"field-items\">\n<div class=\"field-item even\">4.5kg<\/div>\n<\/div>\n<\/div>\n<\/div>\n<div class=\"commerce-product-field commerce-product-field-field-potencia field-field-potencia node-19950-product-field-potencia\">\n<div class=\"field field-name-field-potencia field-type-text field-label-inline clearfix\">\n<div class=\"field-label\">Potencia RMS:<\/div>\n<div class=\"field-items\">\n<div class=\"field-item even\">300W<\/div>\n<\/div>\n<\/div>\n<\/div>\n<div class=\"commerce-product-field commerce-product-field-field-dimensiones field-field-dimensiones node-19950-product-field-dimensiones\">\n<div class=\"field field-name-field-dimensiones field-type-text field-label-inline clearfix\">\n<div class=\"field-label\">Dimensiones:<\/div>\n<div class=\"field-items\">\n<div class=\"field-item even\">34x53x28.5 cm<\/div>\n<\/div>\n<\/div>\n<\/div>\n<div class=\"commerce-product-field commerce-product-field-field-karaoke field-field-karaoke node-19950-product-field-karaoke commerce-product-field-empty\"><\/div>\n<div class=\"commerce-product-field commerce-product-field-field-iluminaci-n-color field-field-iluminaci-n-color node-19950-product-field-iluminaci-n-color\">\n<div class=\"field field-name-field-iluminaci-n-color field-type-text field-label-inline clearfix\">\n<div class=\"field-label\">Iluminaci\u00f3n Color:<\/div>\n<div class=\"field-items\">\n<div class=\"field-item even\">RGB<\/div>\n<\/div>\n<\/div>\n<\/div>\n<div class=\"commerce-product-field commerce-product-field-field-entrada-para-micr-fono field-field-entrada-para-micr-fono node-19950-product-field-entrada-para-micr-fono\">\n<div class=\"field field-name-field-entrada-para-micr-fono field-type-text field-label-inline clearfix\">\n<div class=\"field-label\">Entrada para Micr\u00f3fono:<\/div>\n<div class=\"field-items\">\n<div class=\"field-item even\">S\u00ed<\/div>\n<\/div>\n<\/div>\n<\/div>\n<div class=\"commerce-product-field commerce-product-field-field-puerto-usb field-field-puerto-usb node-19950-product-field-puerto-usb\">\n<div class=\"field field-name-field-puerto-usb field-type-text field-label-inline clearfix\">\n<div class=\"field-label\">Puerto Usb:<\/div>\n<div class=\"field-items\">\n<div class=\"field-item even\">S\u00ed<\/div>\n<\/div>\n<\/div>\n<\/div>\n<div class=\"commerce-product-field commerce-product-field-field-sintonizador-bandas-estaci field-field-sintonizador-bandas-estaci node-19950-product-field-sintonizador-bandas-estaci\">\n<div class=\"field field-name-field-sintonizador-bandas-estaci field-type-text field-label-inline clearfix\">\n<div class=\"field-label\">Sintonizador Bandas\/Estaciones:<\/div>\n<div class=\"field-items\">\n<div class=\"field-item even\">FM<\/div>\n<\/div>\n<\/div>\n<\/div>\n<div class=\"commerce-product-field commerce-product-field-field-bluetooth field-field-bluetooth node-19950-product-field-bluetooth\">\n<div class=\"field field-name-field-bluetooth field-type-text field-label-inline clearfix\">\n<div class=\"field-label\">Bluetooth:<\/div>\n<div class=\"field-items\">\n<div class=\"field-item even\">S\u00ed<\/div>\n<\/div>\n<\/div>\n<\/div>\n<div class=\"commerce-product-field commerce-product-field-field-otros field-field-otros node-19950-product-field-otros\">\n<div class=\"field field-name-field-otros field-type-text-long field-label-above\">\n<div class=\"field-label\">Otros:<\/div>\n<div class=\"field-items\">\n<div class=\"field-item even\">Control remoto &#8211; Bater\u00eda recargable de 1800mAh &#8211; Display LED &#8211; Manija y ruedas para traslado<\/div>\n<\/div>\n<\/div>\n<\/div>\n<\/div>\n<div class=\"commerce-product-field commerce-product-field-field-video field-field-video node-19950-product-field-video commerce-product-field-empty\"><\/div>\n","protected":false},"excerpt":{"rendered":"<p>Marca: AIWA Peso: 4.5kg Potencia RMS: 300W Dimensiones: 34x53x28.5 cm Iluminaci\u00f3n Color: RGB Entrada para Micr\u00f3fono: S\u00ed Puerto Usb: S\u00ed&hellip;<\/p>\n","protected":false},"featured_media":44204,"comment_status":"open","ping_status":"closed","template":"","meta":{"advanced_seo_description":"","jetpack_seo_html_title":"","jetpack_seo_noindex":false},"product_brand":[],"product_cat":[53],"product_tag":[774],"class_list":{"0":"post-44056","1":"product","2":"type-product","3":"status-publish","4":"has-post-thumbnail","6":"product_cat-parlantes","7":"product_tag-parlantes","9":"first","10":"instock","11":"shipping-taxable","12":"purchasable","13":"product-type-simple","14":"add-to-wishlist-before_image"},"jetpack_likes_enabled":false,"jetpack_sharing_enabled":true,"_links":{"self":[{"href":"https:\/\/9bits.com.ar\/v31\/wp-json\/wp\/v2\/product\/44056","targetHints":{"allow":["GET"]}}],"collection":[{"href":"https:\/\/9bits.com.ar\/v31\/wp-json\/wp\/v2\/product"}],"about":[{"href":"https:\/\/9bits.com.ar\/v31\/wp-json\/wp\/v2\/types\/product"}],"replies":[{"embeddable":true,"href":"https:\/\/9bits.com.ar\/v31\/wp-json\/wp\/v2\/comments?post=44056"}],"wp:featuredmedia":[{"embeddable":true,"href":"https:\/\/9bits.com.ar\/v31\/wp-json\/wp\/v2\/media\/44204"}],"wp:attachment":[{"href":"https:\/\/9bits.com.ar\/v31\/wp-json\/wp\/v2\/media?parent=44056"}],"wp:term":[{"taxonomy":"product_brand","embeddable":true,"href":"https:\/\/9bits.com.ar\/v31\/wp-json\/wp\/v2\/product_brand?post=44056"},{"taxonomy":"product_cat","embeddable":true,"href":"https:\/\/9bits.com.ar\/v31\/wp-json\/wp\/v2\/product_cat?post=44056"},{"taxonomy":"product_tag","embeddable":true,"href":"https:\/\/9bits.com.ar\/v31\/wp-json\/wp\/v2\/product_tag?post=44056"}],"curies":[{"name":"wp","href":"https:\/\/api.w.org\/{rel}","templated":true}]}}