{"id":37320,"date":"2022-01-07T12:06:04","date_gmt":"2022-01-07T15:06:04","guid":{"rendered":"https:\/\/9bits.com.ar\/v31\/producto\/teclado-trust-gaming-ziva-led-multicolor\/"},"modified":"2026-04-16T12:59:42","modified_gmt":"2026-04-16T15:59:42","slug":"teclado-trust-gaming-ziva-led-multicolor","status":"publish","type":"product","link":"https:\/\/9bits.com.ar\/v31\/producto\/teclado-trust-gaming-ziva-led-multicolor\/","title":{"rendered":"TECLADO TRUST GAMING ZIVA LED MULTICOLOR"},"content":{"rendered":"<p>Link: https:\/\/www.trust.com\/es\/product\/23697-ziva-gaming-rainbow-led-keyboard<\/p>\n<p>Teclado para gaming con iluminaci\u00f3n<br \/>\nCodigo: 23697<br \/>\nTeclado para gaming con iluminaci\u00f3n LED multicolor y dise\u00f1o contra derrames de l\u00edquidos<\/p>\n<p>Caracter\u00edsticas<br \/>\n\u0095 Teclado de formato completo con iluminaci\u00f3n LED<br \/>\n\u0095 Iluminaci\u00f3n LED multicolor con efecto de respiraci\u00f3n y fijo<br \/>\n\u0095 Dise\u00f1o robusto y contra el derrame de l\u00edquidos<br \/>\n\u0095 12 teclas multimedia de acceso directo para un control r\u00e1pido<br \/>\n\u0095 Modo de gaming especial para des<\/p>\n","protected":false},"excerpt":{"rendered":"<p>Link: https:\/\/www.trust.com\/es\/product\/23697-ziva-gaming-rainbow-led-keyboard Teclado para gaming con iluminaci\u00f3n Codigo: 23697 Teclado para gaming con iluminaci\u00f3n LED multicolor y dise\u00f1o contra derrames&hellip;<\/p>\n","protected":false},"featured_media":37451,"comment_status":"open","ping_status":"closed","template":"","meta":{"advanced_seo_description":"","jetpack_seo_html_title":"","jetpack_seo_noindex":false},"product_brand":[],"product_cat":[37],"product_tag":[802],"class_list":{"0":"post-37320","1":"product","2":"type-product","3":"status-publish","4":"has-post-thumbnail","6":"product_cat-teclados-mouse-y-webcam","7":"product_tag-gamer","9":"first","10":"instock","11":"shipping-taxable","12":"purchasable","13":"product-type-simple","14":"add-to-wishlist-before_image"},"jetpack_likes_enabled":false,"jetpack_sharing_enabled":true,"_links":{"self":[{"href":"https:\/\/9bits.com.ar\/v31\/wp-json\/wp\/v2\/product\/37320","targetHints":{"allow":["GET"]}}],"collection":[{"href":"https:\/\/9bits.com.ar\/v31\/wp-json\/wp\/v2\/product"}],"about":[{"href":"https:\/\/9bits.com.ar\/v31\/wp-json\/wp\/v2\/types\/product"}],"replies":[{"embeddable":true,"href":"https:\/\/9bits.com.ar\/v31\/wp-json\/wp\/v2\/comments?post=37320"}],"wp:featuredmedia":[{"embeddable":true,"href":"https:\/\/9bits.com.ar\/v31\/wp-json\/wp\/v2\/media\/37451"}],"wp:attachment":[{"href":"https:\/\/9bits.com.ar\/v31\/wp-json\/wp\/v2\/media?parent=37320"}],"wp:term":[{"taxonomy":"product_brand","embeddable":true,"href":"https:\/\/9bits.com.ar\/v31\/wp-json\/wp\/v2\/product_brand?post=37320"},{"taxonomy":"product_cat","embeddable":true,"href":"https:\/\/9bits.com.ar\/v31\/wp-json\/wp\/v2\/product_cat?post=37320"},{"taxonomy":"product_tag","embeddable":true,"href":"https:\/\/9bits.com.ar\/v31\/wp-json\/wp\/v2\/product_tag?post=37320"}],"curies":[{"name":"wp","href":"https:\/\/api.w.org\/{rel}","templated":true}]}}