{"id":29597,"date":"2021-07-16T17:41:59","date_gmt":"2021-07-16T20:41:59","guid":{"rendered":"https:\/\/9bits.com.ar\/v31\/producto\/auricular-noga-net-in-ear-bluetooth-ng-btwins16\/"},"modified":"2026-05-12T11:43:15","modified_gmt":"2026-05-12T14:43:15","slug":"auricular-noga-net-in-ear-bluetooth-ng-btwins16","status":"publish","type":"product","link":"https:\/\/9bits.com.ar\/v31\/producto\/auricular-noga-net-in-ear-bluetooth-ng-btwins16\/","title":{"rendered":"AURICULAR NOGA NET IN EAR BLUETOOTH NG-BTWINS16"},"content":{"rendered":"<p>AURICULARES TRUE WIRELESS STEREO BT EARBUDS T\u00c1CTILES<br \/>\nNG-BTWINS 16<br \/>\nNG-BTWINS 16 te brinda una absoluta comodidad gracias a su tama\u00f1o Ultra-Small.<br \/>\nSu Sistema \u00abTouch Control\u00bb totalmente t\u00e1ctil en cada Auricular responden a una suave pulsaci\u00f3n y permiten controlarlos con total seguridad.<br \/>\nSu tecnolog\u00eda TWS (True Wireless Stereo) te brinda un Audio de Alta Resoluci\u00f3n y podr\u00e1s disfrutar de un sonido envolvente de nueva generaci\u00f3n.<br \/>\nTambi\u00e9n cuentan con Sistema de Manos Libres para recepci\u00f3n de llamadas de tu Smartphone que incluye Asistente de Voz.<br \/>\nTe brindan total libertad de movimiento y total comodidad, tanto en tu hogar como en exteriores.<br \/>\nIncluyen Estuche\/Cargador que recarga los Auriculares est\u00e9s donde est\u00e9s sin necesidad de usar cables.<br \/>\nTerminaci\u00f3n en \u00abRubber Finish\u00bb tanto en Auriculares como en Estuche\/Cargador.<br \/>\nViv\u00ed una nueva experiencia en Auriculares Inal\u00e1mbricos.<br \/>\nDetalles<br \/>\nFicha T\u00e9cnica<br \/>\nConsultas<br \/>\n&#8211; Auriculares con Tecnolog\u00eda TWS (True Wireless Stereo)<br \/>\n&#8211; Tecnolog\u00eda Inal\u00e1mbrica versi\u00f3n 5.0<br \/>\n&#8211; Recepci\u00f3n Inal\u00e1mbrica con alcance de hasta 10 metros<br \/>\n&#8211; Auto On &amp; Auto Paring: los auriculares se conectan entre si autom\u00e1ticamente<br \/>\n&#8211; \u00abTouch Control\u00bb: Control de Volumen, Play\/Pause, Anterior\/Siguiente y Recepci\u00f3n de Llamadas en ambos Auriculares<br \/>\n&#8211; Atiende llamadas por Sistema de Manos Libres con un Micr\u00f3fono en cada Auricular. Incluye Asistente de Voz<br \/>\n&#8211; Presentaci\u00f3n en un elegante Estuche\/Cargador de carga con capacidad de 300mAh<br \/>\n&#8211; Funcionan con Bater\u00eda de 40 mAh en cada Auricular<br \/>\n&#8211; Recarga a trav\u00e9s de 2 mini-polos por cada Auricular<br \/>\n&#8211; Tiempo de carga: 1 hora<br \/>\n&#8211; Duraci\u00f3n de uso: 5 horas<br \/>\n&#8211; Incluyen cable USB a Type-C para recarga de Bater\u00eda<br \/>\n&#8211; Tambi\u00e9n incluyen 2 pares de almohadillas de silicona de repuesto<br \/>\n&#8211; Terminaci\u00f3n en \u00abRubber Finish\u00bb tanto en Auriculares como en Estuche\/Cargador<br \/>\n&#8211; Tama\u00f1o \u00abUltra-Small\u00bb absolutamente portable<br \/>\n&#8211; Medidas:<br \/>\n* Auriculares: 2,5 cm. (Alto) x 2 cm. (Ancho)<br \/>\n* Estuche: 2,7 cm. (Alto) x 6,6 cm. (Ancho) x 3,7 cm. (Profundidad)<br \/>\nEl estuche posee cierre imantado y LED indicador de carga<\/p>\n","protected":false},"excerpt":{"rendered":"<p>AURICULARES TRUE WIRELESS STEREO BT EARBUDS T\u00c1CTILES NG-BTWINS 16 NG-BTWINS 16 te brinda una absoluta comodidad gracias a su tama\u00f1o&hellip;<\/p>\n","protected":false},"featured_media":29600,"comment_status":"open","ping_status":"closed","template":"","meta":{"advanced_seo_description":"","jetpack_seo_html_title":"","jetpack_seo_noindex":false},"product_brand":[],"product_cat":[38],"product_tag":[790],"class_list":{"0":"post-29597","1":"product","2":"type-product","3":"status-publish","4":"has-post-thumbnail","6":"product_cat-auriculares-y-microfonos","7":"product_tag-tws","9":"first","10":"outofstock","11":"shipping-taxable","12":"purchasable","13":"product-type-simple","14":"add-to-wishlist-before_image"},"jetpack_likes_enabled":false,"jetpack_sharing_enabled":true,"_links":{"self":[{"href":"https:\/\/9bits.com.ar\/v31\/wp-json\/wp\/v2\/product\/29597","targetHints":{"allow":["GET"]}}],"collection":[{"href":"https:\/\/9bits.com.ar\/v31\/wp-json\/wp\/v2\/product"}],"about":[{"href":"https:\/\/9bits.com.ar\/v31\/wp-json\/wp\/v2\/types\/product"}],"replies":[{"embeddable":true,"href":"https:\/\/9bits.com.ar\/v31\/wp-json\/wp\/v2\/comments?post=29597"}],"wp:featuredmedia":[{"embeddable":true,"href":"https:\/\/9bits.com.ar\/v31\/wp-json\/wp\/v2\/media\/29600"}],"wp:attachment":[{"href":"https:\/\/9bits.com.ar\/v31\/wp-json\/wp\/v2\/media?parent=29597"}],"wp:term":[{"taxonomy":"product_brand","embeddable":true,"href":"https:\/\/9bits.com.ar\/v31\/wp-json\/wp\/v2\/product_brand?post=29597"},{"taxonomy":"product_cat","embeddable":true,"href":"https:\/\/9bits.com.ar\/v31\/wp-json\/wp\/v2\/product_cat?post=29597"},{"taxonomy":"product_tag","embeddable":true,"href":"https:\/\/9bits.com.ar\/v31\/wp-json\/wp\/v2\/product_tag?post=29597"}],"curies":[{"name":"wp","href":"https:\/\/api.w.org\/{rel}","templated":true}]}}