{"id":20358,"date":"2020-12-05T12:28:07","date_gmt":"2020-12-05T15:28:07","guid":{"rendered":"https:\/\/9bits.com.ar\/v31\/producto\/parlante-noblex-tsn-2650\/"},"modified":"2026-05-13T19:08:27","modified_gmt":"2026-05-13T22:08:27","slug":"parlante-noblex-tsn-2650","status":"publish","type":"product","link":"https:\/\/9bits.com.ar\/v31\/producto\/parlante-noblex-tsn-2650\/","title":{"rendered":"PARLANTE NOBLEX TSN-2650"},"content":{"rendered":"<div class=\"commerce-product-field commerce-product-field-field-brand field-field-brand node-1199-product-field-brand\">\n<div class=\"field field-name-field-brand field-type-list-text field-label-inline clearfix\">\n<div class=\"field-label\">Marca:<\/div>\n<div class=\"field-items\">\n<div class=\"field-item even\">NOBLEX<\/div>\n<\/div>\n<\/div>\n<\/div>\n<div class=\"commerce-product-field commerce-product-field-field-peso-neto field-field-peso-neto node-1199-product-field-peso-neto\">\n<div class=\"field field-name-field-peso-neto field-type-text field-label-inline clearfix\">\n<div class=\"field-label\">Peso:<\/div>\n<div class=\"field-items\">\n<div class=\"field-item even\">6kg<\/div>\n<\/div>\n<\/div>\n<\/div>\n<div class=\"commerce-product-field commerce-product-field-field-potencia field-field-potencia node-1199-product-field-potencia\">\n<div class=\"field field-name-field-potencia field-type-text field-label-inline clearfix\">\n<div class=\"field-label\">Potencia RMS:<\/div>\n<div class=\"field-items\">\n<div class=\"field-item even\">300w<\/div>\n<\/div>\n<\/div>\n<\/div>\n<div class=\"commerce-product-field commerce-product-field-field-dimensiones field-field-dimensiones node-1199-product-field-dimensiones\">\n<div class=\"field field-name-field-dimensiones field-type-text field-label-inline clearfix\">\n<div class=\"field-label\">Dimensiones:<\/div>\n<div class=\"field-items\">\n<div class=\"field-item even\">42.5&#215;33.3&#215;17.5cm<\/div>\n<\/div>\n<\/div>\n<\/div>\n<div class=\"commerce-product-field commerce-product-field-field-karaoke field-field-karaoke node-1199-product-field-karaoke\">\n<div class=\"field field-name-field-karaoke field-type-text field-label-inline clearfix\">\n<div class=\"field-label\">Karaoke:<\/div>\n<div class=\"field-items\">\n<div class=\"field-item even\">S\u00ed<\/div>\n<\/div>\n<\/div>\n<\/div>\n<div class=\"commerce-product-field commerce-product-field-field-iluminaci-n-color field-field-iluminaci-n-color node-1199-product-field-iluminaci-n-color\">\n<div class=\"field field-name-field-iluminaci-n-color field-type-text field-label-inline clearfix\">\n<div class=\"field-label\">Iluminaci\u00f3n Color:<\/div>\n<div class=\"field-items\">\n<div class=\"field-item even\">S\u00ed<\/div>\n<\/div>\n<\/div>\n<\/div>\n<div class=\"commerce-product-field commerce-product-field-field-entrada-para-micr-fono field-field-entrada-para-micr-fono node-1199-product-field-entrada-para-micr-fono\">\n<div class=\"field field-name-field-entrada-para-micr-fono field-type-text field-label-inline clearfix\">\n<div class=\"field-label\">Entrada para Micr\u00f3fono:<\/div>\n<div class=\"field-items\">\n<div class=\"field-item even\">2<\/div>\n<\/div>\n<\/div>\n<\/div>\n<div class=\"commerce-product-field commerce-product-field-field-puerto-usb field-field-puerto-usb node-1199-product-field-puerto-usb\">\n<div class=\"field field-name-field-puerto-usb field-type-text field-label-inline clearfix\">\n<div class=\"field-label\">Puerto Usb:<\/div>\n<div class=\"field-items\">\n<div class=\"field-item even\">1<\/div>\n<\/div>\n<\/div>\n<\/div>\n<div class=\"commerce-product-field commerce-product-field-field-sintonizador-bandas-estaci field-field-sintonizador-bandas-estaci node-1199-product-field-sintonizador-bandas-estaci\">\n<div class=\"field field-name-field-sintonizador-bandas-estaci field-type-text field-label-inline clearfix\">\n<div class=\"field-label\">Sintonizador Bandas\/Estaciones:<\/div>\n<div class=\"field-items\">\n<div class=\"field-item even\">S\u00ed<\/div>\n<\/div>\n<\/div>\n<\/div>\n<div class=\"commerce-product-field commerce-product-field-field-manija-extensible-y-ruedas field-field-manija-extensible-y-ruedas node-1199-product-field-manija-extensible-y-ruedas\">\n<div class=\"field field-name-field-manija-extensible-y-ruedas field-type-text field-label-inline clearfix\">\n<div class=\"field-label\">Manija Extensible y Ruedas:<\/div>\n<div class=\"field-items\">\n<div class=\"field-item even\">S\u00ed<\/div>\n<\/div>\n<\/div>\n<\/div>\n<div class=\"commerce-product-field commerce-product-field-field-bluetooth field-field-bluetooth node-1199-product-field-bluetooth\">\n<div class=\"field field-name-field-bluetooth field-type-text field-label-inline clearfix\">\n<div class=\"field-label\">Bluetooth:<\/div>\n<div class=\"field-items\">\n<div class=\"field-item even\">Si<\/div>\n<\/div>\n<\/div>\n<\/div>\n","protected":false},"excerpt":{"rendered":"<p>Marca: NOBLEX Peso: 6kg Potencia RMS: 300w Dimensiones: 42.5&#215;33.3&#215;17.5cm Karaoke: S\u00ed Iluminaci\u00f3n Color: S\u00ed Entrada para Micr\u00f3fono: 2 Puerto Usb:&hellip;<\/p>\n","protected":false},"featured_media":20439,"comment_status":"open","ping_status":"closed","template":"","meta":{"advanced_seo_description":"","jetpack_seo_html_title":"","jetpack_seo_noindex":false},"product_brand":[],"product_cat":[53],"product_tag":[774],"class_list":{"0":"post-20358","1":"product","2":"type-product","3":"status-publish","4":"has-post-thumbnail","6":"product_cat-parlantes","7":"product_tag-parlantes","9":"first","10":"outofstock","11":"shipping-taxable","12":"purchasable","13":"product-type-simple","14":"add-to-wishlist-before_image"},"jetpack_likes_enabled":false,"jetpack_sharing_enabled":true,"_links":{"self":[{"href":"https:\/\/9bits.com.ar\/v31\/wp-json\/wp\/v2\/product\/20358","targetHints":{"allow":["GET"]}}],"collection":[{"href":"https:\/\/9bits.com.ar\/v31\/wp-json\/wp\/v2\/product"}],"about":[{"href":"https:\/\/9bits.com.ar\/v31\/wp-json\/wp\/v2\/types\/product"}],"replies":[{"embeddable":true,"href":"https:\/\/9bits.com.ar\/v31\/wp-json\/wp\/v2\/comments?post=20358"}],"wp:featuredmedia":[{"embeddable":true,"href":"https:\/\/9bits.com.ar\/v31\/wp-json\/wp\/v2\/media\/20439"}],"wp:attachment":[{"href":"https:\/\/9bits.com.ar\/v31\/wp-json\/wp\/v2\/media?parent=20358"}],"wp:term":[{"taxonomy":"product_brand","embeddable":true,"href":"https:\/\/9bits.com.ar\/v31\/wp-json\/wp\/v2\/product_brand?post=20358"},{"taxonomy":"product_cat","embeddable":true,"href":"https:\/\/9bits.com.ar\/v31\/wp-json\/wp\/v2\/product_cat?post=20358"},{"taxonomy":"product_tag","embeddable":true,"href":"https:\/\/9bits.com.ar\/v31\/wp-json\/wp\/v2\/product_tag?post=20358"}],"curies":[{"name":"wp","href":"https:\/\/api.w.org\/{rel}","templated":true}]}}