{"id":16907,"date":"2020-08-30T11:09:47","date_gmt":"2020-08-30T14:09:47","guid":{"rendered":"https:\/\/9bits.com.ar\/v31\/?post_type=product&#038;p=16907"},"modified":"2026-04-13T09:00:11","modified_gmt":"2026-04-13T12:00:11","slug":"motorola-g8-plus-64gb","status":"publish","type":"product","link":"https:\/\/9bits.com.ar\/v31\/producto\/motorola-g8-plus-64gb\/","title":{"rendered":"MOTOROLA G8 PLUS 64GB"},"content":{"rendered":"<table id=\"product-attribute-specs-table\" class=\"data-table\">\n<tbody>\n<tr class=\"mot_famliy even\">\n<th class=\"label\">Familia<\/th>\n<td class=\"data last\">Moto G<\/td>\n<\/tr>\n<tr class=\"mot_screen_technology odd\">\n<th class=\"label\">Tecnolog\u00eda<\/th>\n<td class=\"data last\">IPS<\/td>\n<\/tr>\n<tr class=\"mot_screen_size even\">\n<th class=\"label\">Tama\u00f1o de Pantalla<\/th>\n<td class=\"data last\">6.3&#8243;<\/td>\n<\/tr>\n<tr class=\"mot_resolution odd\">\n<th class=\"label\">Resoluci\u00f3n<\/th>\n<td class=\"data last\">1080&#215;2280, FHD+, 401ppi, notched<\/td>\n<\/tr>\n<tr class=\"mot_operative_system even\">\n<th class=\"label\">Sistema Operativo<\/th>\n<td class=\"data last\">Android<\/td>\n<\/tr>\n<tr class=\"mot_os_version odd\">\n<th class=\"label\">Versi\u00f3n SO<\/th>\n<td class=\"data last\">9.0 (Pie)<\/td>\n<\/tr>\n<tr class=\"mot_core_processor even\">\n<th class=\"label\">Procesador Core<\/th>\n<td class=\"data last\">Octa Core<\/td>\n<\/tr>\n<tr class=\"mot_processor_mhz odd\">\n<th class=\"label\">Procesador Mhz<\/th>\n<td class=\"data last\">2.0GHz<\/td>\n<\/tr>\n<tr class=\"mot_processor_brand even\">\n<th class=\"label\">Marca del Procesador<\/th>\n<td class=\"data last\">Qualcomm Snapdragon 665<\/td>\n<\/tr>\n<tr class=\"mot_camera_resolution odd\">\n<th class=\"label\">Resoluci\u00f3n de la C\u00e1mara<\/th>\n<td class=\"data last\">48 MP<\/td>\n<\/tr>\n<tr class=\"mot_camera_flash even\">\n<th class=\"label\">Flash<\/th>\n<td class=\"data last\">LED<\/td>\n<\/tr>\n<tr class=\"mot_video_recording_resolution odd\">\n<th class=\"label\">Resoluci\u00f3n de Video<\/th>\n<td class=\"data last\">4K UHD@30fps 2160 x 3840 4K UHD 19:9@30fps 1824 x 3840 FHD@60fps 1080 x 1920 FHD@30fps 1080 x 1920 FHD 19:9@30fps 912 x 1920 HD@30fps 720 x 1280<\/td>\n<\/tr>\n<tr class=\"mot_camera_other_functions even\">\n<th class=\"label\">Otras Funciones<\/th>\n<td class=\"data last\">C\u00e1mara de acci\u00f3n, sensor TOF, estabilizaci\u00f3n electr\u00f3nica de imagen (EIS), Modo retrato, modo recorte, color directo, visi\u00f3n nocturna, cinematograf\u00eda, panor\u00e1mica, filtro interactivo, c\u00e1mara lenta, c\u00e1mara r\u00e1pida, HDR, temporizador, fotos con movimiento, modo manual y autom\u00e1tico, c\u00e1mara instant\u00e1nea, selfie con gesto, Google Lens, marca de agua, captura de sonrisa, composici\u00f3n inteligente, formato RAW (modo manual).<\/td>\n<\/tr>\n<tr class=\"mot_rear_camera_resolution odd\">\n<th class=\"label\">Resoluci\u00f3n C\u00e1mara Frontal<\/th>\n<td class=\"data last\">25MP<\/td>\n<\/tr>\n<tr class=\"mot_rear_camera_flash even\">\n<th class=\"label\">Flash Frontal<\/th>\n<td class=\"data last\">No<\/td>\n<\/tr>\n<tr class=\"mot_rear_camera_video odd\">\n<th class=\"label\">Resoluci\u00f3n de Video<\/th>\n<td class=\"data last\">FHD@30fps 1080&#215;1920 FHD 19:9@30fps 912&#215;1920 HD@30fps 720&#215;1280<\/td>\n<\/tr>\n<tr class=\"mot_audio_format even\">\n<th class=\"label\">Formato de Reproducci\u00f3n de Audio<\/th>\n<td class=\"data last\">MPEG-4, H.263, H.264, HEVC, XVID, MPEG2<\/td>\n<\/tr>\n<tr class=\"mot_video_format odd\">\n<th class=\"label\">Formato de Reproducci\u00f3n de Video<\/th>\n<td class=\"data last\">WAV,MP3,AAC,AMR-NB,AMR-WB,MIDI,Vorbis,APE,ACC-plus v1,AAC-plus v2,FLAC, ADPCM<\/td>\n<\/tr>\n<tr class=\"mot_ram_memory even\">\n<th class=\"label\">Memoria RAM<\/th>\n<td class=\"data last\">4GB DDR4<\/td>\n<\/tr>\n<tr class=\"mot_memory_capacity odd\">\n<th class=\"label\">Memoria Interna<\/th>\n<td class=\"data last\">64GB<\/td>\n<\/tr>\n<tr class=\"mot_memory_expansion even\">\n<th class=\"label\">Expande hasta<\/th>\n<td class=\"data last\">512GB<\/td>\n<\/tr>\n<tr class=\"mot_memory_card odd\">\n<th class=\"label\">Tarjeta de Memoria Soportada<\/th>\n<td class=\"data last\">Micro SD<\/td>\n<\/tr>\n<tr class=\"mot_acelerometro even\">\n<th class=\"label\">Aceler\u00f3metro<\/th>\n<td class=\"data last\">S\u00ed<\/td>\n<\/tr>\n<tr class=\"mot_proximity_sensor odd\">\n<th class=\"label\">Sensor de Proximidad<\/th>\n<td class=\"data last\">S\u00ed<\/td>\n<\/tr>\n<tr class=\"mot_campo_magnetico even\">\n<th class=\"label\">Campo magn\u00e9tico (br\u00fajula)<\/th>\n<td class=\"data last\">S\u00ed<\/td>\n<\/tr>\n<tr class=\"mot_giroscopio odd\">\n<th class=\"label\">Giroscopio<\/th>\n<td class=\"data last\">S\u00ed<\/td>\n<\/tr>\n<tr class=\"mot_huella_dactilar even\">\n<th class=\"label\">Huella Dactilar<\/th>\n<td class=\"data last\">S\u00ed<\/td>\n<\/tr>\n<tr class=\"mot_sensores_otros odd\">\n<th class=\"label\">Otros<\/th>\n<td class=\"data last\">Luz Ambiente<\/td>\n<\/tr>\n<tr class=\"mot_wifi even\">\n<th class=\"label\">Wi-Fi<\/th>\n<td class=\"data last\">802.11 a\/b\/g\/n\/ac<\/td>\n<\/tr>\n<tr class=\"mot_hotspot odd\">\n<th class=\"label\">Wi-Fi Direct \/ Hotspot<\/th>\n<td class=\"data last\">S\u00ed<\/td>\n<\/tr>\n<tr class=\"mot_bluetooth even\">\n<th class=\"label\">Bluetooth<\/th>\n<td class=\"data last\">2.4 and 5 GHz<\/td>\n<\/tr>\n<tr class=\"mot_dlna odd\">\n<th class=\"label\">DLNA<\/th>\n<td class=\"data last\">No<\/td>\n<\/tr>\n<tr class=\"mot_nfc even\">\n<th class=\"label\">NFC<\/th>\n<td class=\"data last\">No<\/td>\n<\/tr>\n<tr class=\"mot_redes odd\">\n<th class=\"label\">Redes<\/th>\n<td class=\"data last\">4G+ \/ 4G \/ 3G \/ 2G<\/td>\n<\/tr>\n<tr class=\"mot_bandas_lte even\">\n<th class=\"label\">Bandas LTE<\/th>\n<td class=\"data last\">1, 2, 3, 4, 5, 7, 8, 12, 17, 28, 66<\/td>\n<\/tr>\n<tr class=\"mot_usb odd\">\n<th class=\"label\">USB<\/th>\n<td class=\"data last\">USB-C<\/td>\n<\/tr>\n<tr class=\"mot_caracterrazr even\">\n<th class=\"label\">M\u00e1s Caracter\u00edsticas<\/th>\n<td class=\"data last\">No<\/td>\n<\/tr>\n<tr class=\"mot_smartphone_format odd\">\n<th class=\"label\">Formato del Celular<\/th>\n<td class=\"data last\">Touchscreen<\/td>\n<\/tr>\n<tr class=\"mot_water_resistant even\">\n<th class=\"label\">Resistencia al agua<\/th>\n<td class=\"data last\">No<\/td>\n<\/tr>\n<tr class=\"mot_capacidad_bateria odd\">\n<th class=\"label\">Capacidad de Bater\u00eda (mAh)<\/th>\n<td class=\"data last\">4000<\/td>\n<\/tr>\n<tr class=\"mot_alto even\">\n<th class=\"label\">Alto (mm)<\/th>\n<td class=\"data last\">158,4<\/td>\n<\/tr>\n<tr class=\"mot_ancho odd\">\n<th class=\"label\">Ancho<\/th>\n<td class=\"data last\">75,8<\/td>\n<\/tr>\n<tr class=\"mot_espesor even\">\n<th class=\"label\">Espesor<\/th>\n<td class=\"data last\">9,1<\/td>\n<\/tr>\n<\/tbody>\n<\/table>\n","protected":false},"excerpt":{"rendered":"<p>Familia Moto G Tecnolog\u00eda IPS Tama\u00f1o de Pantalla 6.3&#8243; Resoluci\u00f3n 1080&#215;2280, FHD+, 401ppi, notched Sistema Operativo Android Versi\u00f3n SO 9.0&hellip;<\/p>\n","protected":false},"featured_media":16915,"comment_status":"open","ping_status":"closed","template":"","meta":{"advanced_seo_description":"","jetpack_seo_html_title":"","jetpack_seo_noindex":false},"product_brand":[],"product_cat":[51],"product_tag":[113],"class_list":{"0":"post-16907","1":"product","2":"type-product","3":"status-publish","4":"has-post-thumbnail","6":"product_cat-celulares","7":"product_tag-celulares","9":"first","10":"outofstock","11":"shipping-taxable","12":"purchasable","13":"product-type-simple","14":"add-to-wishlist-before_image"},"jetpack_likes_enabled":false,"jetpack_sharing_enabled":true,"_links":{"self":[{"href":"https:\/\/9bits.com.ar\/v31\/wp-json\/wp\/v2\/product\/16907","targetHints":{"allow":["GET"]}}],"collection":[{"href":"https:\/\/9bits.com.ar\/v31\/wp-json\/wp\/v2\/product"}],"about":[{"href":"https:\/\/9bits.com.ar\/v31\/wp-json\/wp\/v2\/types\/product"}],"replies":[{"embeddable":true,"href":"https:\/\/9bits.com.ar\/v31\/wp-json\/wp\/v2\/comments?post=16907"}],"wp:featuredmedia":[{"embeddable":true,"href":"https:\/\/9bits.com.ar\/v31\/wp-json\/wp\/v2\/media\/16915"}],"wp:attachment":[{"href":"https:\/\/9bits.com.ar\/v31\/wp-json\/wp\/v2\/media?parent=16907"}],"wp:term":[{"taxonomy":"product_brand","embeddable":true,"href":"https:\/\/9bits.com.ar\/v31\/wp-json\/wp\/v2\/product_brand?post=16907"},{"taxonomy":"product_cat","embeddable":true,"href":"https:\/\/9bits.com.ar\/v31\/wp-json\/wp\/v2\/product_cat?post=16907"},{"taxonomy":"product_tag","embeddable":true,"href":"https:\/\/9bits.com.ar\/v31\/wp-json\/wp\/v2\/product_tag?post=16907"}],"curies":[{"name":"wp","href":"https:\/\/api.w.org\/{rel}","templated":true}]}}